{"id":6186,"date":"2026-01-19T15:59:01","date_gmt":"2026-01-19T18:59:01","guid":{"rendered":"https:\/\/sintracoopsp.com.br\/site\/?page_id=6186"},"modified":"2026-01-22T13:54:29","modified_gmt":"2026-01-22T16:54:29","slug":"acordos-por-cooperativas","status":"publish","type":"page","link":"https:\/\/sintracoopsp.com.br\/site\/index.php\/acordos-por-cooperativas\/","title":{"rendered":"ACORDOS POR COOPERATIVAS"},"content":{"rendered":"<section class=\"wpb-content-wrapper\"><p>[vc_row][vc_column][vc_column_text]<a href=\"http:\/\/sintracoopsp.com.br\/site\/wp-content\/uploads\/2026\/01\/MANUAL-PARA-ACESSAR-ACORDOS-POR-COOPERATIVAS.pdf\" target=\"_blank\" rel=\"noopener\">Manual para Acessar Acordos por Cooperativas<\/a><\/p>\n<p><a href=\"https:\/\/www3.mte.gov.br\/sistemas\/mediador\/ConsultarInstColetivo\" target=\"_blank\" rel=\"noopener\">Consultar Acordos por Cooperativas<\/a><\/p>\n<p>&nbsp;<\/p>\n<p><strong>Importante:<\/strong><br \/>\n<em>Caso n\u00e3o localize o Acordo de Trabalho que deseja ou tenha alguma d\u00favida, favor entrar em contato atrav\u00e9s do menu <a href=\"https:\/\/sintracoopsp.com.br\/site\/index.php\/fale-conosco\/\">Fale Conosco<\/a>.<\/em><\/p>\n<p>&nbsp;<\/p>\n<p>&nbsp;<\/p>\n<p>&nbsp;<\/p>\n<p>&nbsp;<\/p>\n<p>&nbsp;<\/p>\n<p>&nbsp;<\/p>\n<p>[\/vc_column_text][\/vc_column][\/vc_row]<\/p>\n<\/section>","protected":false},"excerpt":{"rendered":"<p>[vc_row][vc_column][vc_column_text]Manual para Acessar Acordos por Cooperativas Consultar Acordos por Cooperativas &nbsp; Importante: Caso n\u00e3o localize o Acordo de Trabalho que deseja ou tenha alguma d\u00favida, favor entrar em contato atrav\u00e9s do menu Fale Conosco. &nbsp; &nbsp; &nbsp; &nbsp; &nbsp; &nbsp; [\/vc_column_text][\/vc_column][\/vc_row]<\/p>\n","protected":false},"author":1,"featured_media":0,"parent":0,"menu_order":0,"comment_status":"closed","ping_status":"closed","template":"","meta":{"content-type":""},"_links":{"self":[{"href":"https:\/\/sintracoopsp.com.br\/site\/index.php\/wp-json\/wp\/v2\/pages\/6186"}],"collection":[{"href":"https:\/\/sintracoopsp.com.br\/site\/index.php\/wp-json\/wp\/v2\/pages"}],"about":[{"href":"https:\/\/sintracoopsp.com.br\/site\/index.php\/wp-json\/wp\/v2\/types\/page"}],"author":[{"embeddable":true,"href":"https:\/\/sintracoopsp.com.br\/site\/index.php\/wp-json\/wp\/v2\/users\/1"}],"replies":[{"embeddable":true,"href":"https:\/\/sintracoopsp.com.br\/site\/index.php\/wp-json\/wp\/v2\/comments?post=6186"}],"version-history":[{"count":13,"href":"https:\/\/sintracoopsp.com.br\/site\/index.php\/wp-json\/wp\/v2\/pages\/6186\/revisions"}],"predecessor-version":[{"id":6203,"href":"https:\/\/sintracoopsp.com.br\/site\/index.php\/wp-json\/wp\/v2\/pages\/6186\/revisions\/6203"}],"wp:attachment":[{"href":"https:\/\/sintracoopsp.com.br\/site\/index.php\/wp-json\/wp\/v2\/media?parent=6186"}],"curies":[{"name":"wp","href":"https:\/\/api.w.org\/{rel}","templated":true}]}}