{"id":6059,"date":"2024-01-16T15:47:14","date_gmt":"2024-01-16T18:47:14","guid":{"rendered":"https:\/\/sintracoopsp.com.br\/site\/?page_id=6059"},"modified":"2026-02-26T16:16:51","modified_gmt":"2026-02-26T19:16:51","slug":"publicacoes","status":"publish","type":"page","link":"https:\/\/sintracoopsp.com.br\/site\/index.php\/publicacoes\/","title":{"rendered":"Publica\u00e7\u00f5es"},"content":{"rendered":"<section class=\"wpb-content-wrapper\"><p>[vc_row][vc_column][vc_column_text]<\/p>\n<ul>\n<li><a href=\"http:\/\/sintracoopsp.com.br\/site\/wp-content\/uploads\/2024\/01\/Instrucao-Normativa-012021.pdf\" target=\"_blank\" rel=\"noopener\">INSTRU\u00c7\u00c3O NORMATIVA SINTRCOOP S\u00c3O PAULO, N. 01\/2021, DE 14 DE SETEMBRO DE 2021<\/a><\/li>\n<li><a href=\"http:\/\/sintracoopsp.com.br\/site\/wp-content\/uploads\/2024\/01\/Resolucao-N\u00b01-09-de-Janeiro-de-2024.pdf\" target=\"_blank\" rel=\"noopener\">RESOLU\u00c7\u00c3O N\u00b01 09 de Janeiro de 2024<\/a><\/li>\n<li><a href=\"http:\/\/sintracoopsp.com.br\/site\/wp-content\/uploads\/2024\/02\/Retificacao-DOU.pdf\" target=\"_blank\" rel=\"noopener\">RETIFICA\u00c7\u00c3O &#8211; RESOLU\u00c7\u00c3O N\u00b01 09 de Janeiro de 2024<\/a><\/li>\n<li><a href=\"http:\/\/sintracoopsp.com.br\/site\/wp-content\/uploads\/2024\/03\/PORTARIA-N2-26-FEVEREIRO-DE-2024.pdf\" target=\"_blank\" rel=\"noopener\">PORTARIA N\u00b0 02, DE 26 DE FEVEREIRO DE 2024<\/a><\/li>\n<li><a href=\"http:\/\/sintracoopsp.com.br\/site\/wp-content\/uploads\/2024\/03\/PORTARIA-N3-28-FEVEREIRO-DE-2024.pdf\" target=\"_blank\" rel=\"noopener\">PORTARIA N\u00b0 03, DE 28 DE FEVEREIRO DE 2024<\/a><\/li>\n<li><a href=\"http:\/\/sintracoopsp.com.br\/site\/wp-content\/uploads\/2026\/02\/Portaria-no-01-de-26-de-Fevereiro-de-2026.pdf\" target=\"_blank\" rel=\"noopener\">PORTARIA N\u00ba 01, DE 26 DE FEVEREIRO DE 2026<\/a><\/li>\n<\/ul>\n<p>&nbsp;<\/p>\n<p>&nbsp;<\/p>\n<p>&nbsp;<\/p>\n<p>&nbsp;<\/p>\n<p>&nbsp;<\/p>\n<p>&nbsp;<\/p>\n<p>&nbsp;<\/p>\n<p>[\/vc_column_text][\/vc_column][\/vc_row]<\/p>\n<\/section>","protected":false},"excerpt":{"rendered":"<p>[vc_row][vc_column][vc_column_text] INSTRU\u00c7\u00c3O NORMATIVA SINTRCOOP S\u00c3O PAULO, N. 01\/2021, DE 14 DE SETEMBRO DE 2021 RESOLU\u00c7\u00c3O N\u00b01 09 de Janeiro de 2024 RETIFICA\u00c7\u00c3O &#8211; RESOLU\u00c7\u00c3O N\u00b01 09 de Janeiro de 2024 PORTARIA N\u00b0 02, DE 26 DE FEVEREIRO DE 2024 PORTARIA N\u00b0 03, DE 28 DE FEVEREIRO DE 2024 PORTARIA N\u00ba 01, DE 26 DE FEVEREIRO [&hellip;]<\/p>\n","protected":false},"author":1,"featured_media":0,"parent":0,"menu_order":0,"comment_status":"closed","ping_status":"closed","template":"","meta":{"content-type":""},"_links":{"self":[{"href":"https:\/\/sintracoopsp.com.br\/site\/index.php\/wp-json\/wp\/v2\/pages\/6059"}],"collection":[{"href":"https:\/\/sintracoopsp.com.br\/site\/index.php\/wp-json\/wp\/v2\/pages"}],"about":[{"href":"https:\/\/sintracoopsp.com.br\/site\/index.php\/wp-json\/wp\/v2\/types\/page"}],"author":[{"embeddable":true,"href":"https:\/\/sintracoopsp.com.br\/site\/index.php\/wp-json\/wp\/v2\/users\/1"}],"replies":[{"embeddable":true,"href":"https:\/\/sintracoopsp.com.br\/site\/index.php\/wp-json\/wp\/v2\/comments?post=6059"}],"version-history":[{"count":9,"href":"https:\/\/sintracoopsp.com.br\/site\/index.php\/wp-json\/wp\/v2\/pages\/6059\/revisions"}],"predecessor-version":[{"id":6209,"href":"https:\/\/sintracoopsp.com.br\/site\/index.php\/wp-json\/wp\/v2\/pages\/6059\/revisions\/6209"}],"wp:attachment":[{"href":"https:\/\/sintracoopsp.com.br\/site\/index.php\/wp-json\/wp\/v2\/media?parent=6059"}],"curies":[{"name":"wp","href":"https:\/\/api.w.org\/{rel}","templated":true}]}}