{"id":5983,"date":"2023-12-20T14:33:29","date_gmt":"2023-12-20T17:33:29","guid":{"rendered":"https:\/\/sintracoopsp.com.br\/site\/?page_id=5983"},"modified":"2024-01-12T15:09:12","modified_gmt":"2024-01-12T18:09:12","slug":"nossa-historia","status":"publish","type":"page","link":"https:\/\/sintracoopsp.com.br\/site\/","title":{"rendered":"Nossa Hist\u00f3ria"},"content":{"rendered":"<section class=\"wpb-content-wrapper\"><p>[vc_row][vc_column][vc_column_text]<\/p>\n<p style=\"text-align: justify;\">O Sintracoop S\u00e3o Paulo, \u00e9 uma entidade sindical de primeiro grau, fundada em 21 de outubro de 1994 pelo trabalhadores celetistas das cooperativas agropecu\u00e1rias paulista, num esfor\u00e7o conjunto dos trabalhados de diversas cooperativas. Nesta ocasi\u00e3o os trabalhadores eram representados por diversas categorias, trazendo uma confus\u00e3o e inseguran\u00e7a jur\u00eddica aos trabalhadores das cooperativas, por n\u00e3o haver um sindicato espec\u00edfico e representativo dos trabalhadores. O reconhecimento pelo Minist\u00e9rio do Trabalho foi no ano de 1.997, com a concess\u00e3o da Carta Sindical. No ano de 2006, participou da funda\u00e7\u00e3o da Fenatracoop \u2013 Federa\u00e7\u00e3o Nacional dos Trabalhadores Celetistas nas Cooperativas no Brasil. No ano 2017, foi concedida a altera\u00e7\u00e3o Estatut\u00e1ria do Sindicato passando a representar os trabalhadores celetistas das cooperativas agropecu\u00e1rias, mistas, agrarias, agroneg\u00f3cios, agr\u00edcolas, agroindustriais, centrais, comerciais, consumo, cr\u00e9dito (com exce\u00e7\u00e3o dos trabalhadores celetistas nas cooperativas de cr\u00e9ditos nos munic\u00edpios de Barueri, Carapicu\u00edba, Cotia, Embu das Artes, Embu-Gua\u00e7u, Itapecerica da Serra, Itapevi, Jandira, Juquitiba, Osasco, Pirapora do Bom Jesus, Santana do Parna\u00edba, S\u00e3o Paulo, Tabo\u00e3o da Serra e Vargem Grande Paulista) economias, latic\u00ednios, trabalhos, infra-estruturas, minerais, de produ\u00e7\u00f5es, energiza\u00e7\u00f5es, eletrifica\u00e7\u00f5es, sucroalcooleiros, turismo, lazer e transportes (exceto os trabalhadores de cooperativas de transportes em \u00f4nibus urbano alternativos), portanto o Sintracoop S\u00e3o Paulo \u00e9 o leg\u00edtimo representante dos trabalhadores, valorizando os seus direitos, seguran\u00e7a jur\u00eddica, garantindo a empregabilidade e a qualidade de vida.<\/p>\n<p>&nbsp;<\/p>\n<p>&nbsp;<\/p>\n<p>&nbsp;<\/p>\n<p>[\/vc_column_text][\/vc_column][\/vc_row]<\/p>\n<\/section>","protected":false},"excerpt":{"rendered":"<p>[vc_row][vc_column][vc_column_text] O Sintracoop S\u00e3o Paulo, \u00e9 uma entidade sindical de primeiro grau, fundada em 21 de outubro de 1994 pelo trabalhadores celetistas das cooperativas agropecu\u00e1rias paulista, num esfor\u00e7o conjunto dos trabalhados de diversas cooperativas. Nesta ocasi\u00e3o os trabalhadores eram representados por diversas categorias, trazendo uma confus\u00e3o e inseguran\u00e7a jur\u00eddica aos trabalhadores das cooperativas, por n\u00e3o [&hellip;]<\/p>\n","protected":false},"author":1,"featured_media":0,"parent":0,"menu_order":0,"comment_status":"closed","ping_status":"closed","template":"","meta":{"content-type":""},"_links":{"self":[{"href":"https:\/\/sintracoopsp.com.br\/site\/index.php\/wp-json\/wp\/v2\/pages\/5983"}],"collection":[{"href":"https:\/\/sintracoopsp.com.br\/site\/index.php\/wp-json\/wp\/v2\/pages"}],"about":[{"href":"https:\/\/sintracoopsp.com.br\/site\/index.php\/wp-json\/wp\/v2\/types\/page"}],"author":[{"embeddable":true,"href":"https:\/\/sintracoopsp.com.br\/site\/index.php\/wp-json\/wp\/v2\/users\/1"}],"replies":[{"embeddable":true,"href":"https:\/\/sintracoopsp.com.br\/site\/index.php\/wp-json\/wp\/v2\/comments?post=5983"}],"version-history":[{"count":12,"href":"https:\/\/sintracoopsp.com.br\/site\/index.php\/wp-json\/wp\/v2\/pages\/5983\/revisions"}],"predecessor-version":[{"id":6050,"href":"https:\/\/sintracoopsp.com.br\/site\/index.php\/wp-json\/wp\/v2\/pages\/5983\/revisions\/6050"}],"wp:attachment":[{"href":"https:\/\/sintracoopsp.com.br\/site\/index.php\/wp-json\/wp\/v2\/media?parent=5983"}],"curies":[{"name":"wp","href":"https:\/\/api.w.org\/{rel}","templated":true}]}}